{"id":930,"date":"2026-03-16T10:03:37","date_gmt":"2026-03-16T10:03:37","guid":{"rendered":"https:\/\/www.roguestudio.ch\/?page_id=930"},"modified":"2026-03-18T09:03:27","modified_gmt":"2026-03-18T09:03:27","slug":"politique-de-confidentialite","status":"publish","type":"page","link":"https:\/\/www.roguestudio.ch\/en\/politique-de-confidentialite\/","title":{"rendered":"Privacy Policy"},"content":{"rendered":"<div data-elementor-type=\"wp-page\" data-elementor-id=\"930\" class=\"elementor elementor-930\" data-elementor-post-type=\"page\">\n\t\t\t\t<div class=\"elementor-element elementor-element-7b634ae e-flex e-con-boxed wcf-starter-animations-none e-con e-parent\" data-id=\"7b634ae\" data-element_type=\"container\" data-e-type=\"container\" data-settings=\"{&quot;wcf_enable_horizontal_scroll&quot;:&quot;no&quot;}\">\n\t\t\t\t\t<div class=\"e-con-inner\">\n\t\t<div class=\"elementor-element elementor-element-ae47051 e-flex e-con-boxed wcf-starter-animations-none e-con e-child\" data-id=\"ae47051\" data-element_type=\"container\" data-e-type=\"container\" data-settings=\"{&quot;wcf_enable_horizontal_scroll&quot;:&quot;no&quot;}\">\n\t\t\t\t\t<div class=\"e-con-inner\">\n\t\t\t\t<div class=\"elementor-element elementor-element-39bc1a0 wcf-starter-animations-none elementor-widget elementor-widget-heading\" data-id=\"39bc1a0\" data-element_type=\"widget\" data-e-type=\"widget\" data-settings=\"{&quot;wcf_starter_animations&quot;:&quot;none&quot;,&quot;wcf_anim_duration&quot;:1000,&quot;wcf_anim_delay&quot;:0,&quot;wcf_anim_ease&quot;:&quot;ease&quot;}\" data-widget_type=\"heading.default\">\n\t\t\t\t\t<h1 class=\"elementor-heading-title elementor-size-default\">Privacy Policy<\/h1>\t\t\t\t<\/div>\n\t\t\t\t\t<\/div>\n\t\t\t\t<\/div>\n\t\t\t\t\t<\/div>\n\t\t\t\t<\/div>\n\t\t<div class=\"elementor-element elementor-element-8a4d3c8 e-flex e-con-boxed wcf-starter-animations-none e-con e-parent\" data-id=\"8a4d3c8\" data-element_type=\"container\" data-e-type=\"container\" data-settings=\"{&quot;wcf_enable_horizontal_scroll&quot;:&quot;no&quot;}\">\n\t\t\t\t\t<div class=\"e-con-inner\">\n\t\t\t\t<div class=\"elementor-element elementor-element-758e29d wcf-starter-animations-none elementor-widget elementor-widget-text-editor\" data-id=\"758e29d\" data-element_type=\"widget\" data-e-type=\"widget\" data-settings=\"{&quot;wcf_starter_animations&quot;:&quot;none&quot;,&quot;wcf_anim_duration&quot;:1000,&quot;wcf_anim_delay&quot;:0,&quot;wcf_anim_ease&quot;:&quot;ease&quot;}\" data-widget_type=\"text-editor.default\">\n\t\t\t\t\t\t\t\t\t<section><p><strong>Last update :<\/strong> 28.01.2026<\/p><p>This privacy policy describes how Rogue S\u00e0rl, hereinafter \u00abwe\u00bb or \"us\", collects information,<br \/>uses and protects the personal information you provide to us when you use our services<br \/>of the www.roguestudio.ch website, hereinafter referred to as \u00abthe Site\u00bb.<\/p><h4>1. Collected data<\/h4><p>When you use our Site, we may collect the following data:<\/p><ul><li>IP address<\/li><li>Browser type<\/li><li>Site navigation data, such as pages visited, length of visit, etc.<\/li><\/ul><h4>2. Use of data<\/h4><p>The data collected is used for :<\/p><ul><li>The processing of your orders and the execution of the services offered on the Site<\/li><li>Improving your user experience on our Site<\/li><li>to send you marketing communications, if you have consented to receive our newsletters and other communications<\/li><li>Managing our commercial relations and any disputes that may arise<\/li><\/ul><h4>3. Data sharing<\/h4><p>We will not sell, rent or disclose your personal data to third parties,<br \/>except in the following cases:<\/p><ul><li>Where necessary for the processing of your order, e.g. for delivery.<\/li><li>Where we are required to do so by law or in legal proceedings<\/li><li>With third-party service providers acting in our name and on our behalf,<br \/>in particular for data hosting, maintenance or analysis<\/li><\/ul><h4>4. Data protection<\/h4><p>We take appropriate technical and organizational measures to protect your data.<br \/>against loss, misuse, unauthorized access, disclosure or modification.<\/p><h4>5. Cookies<\/h4><p>Our Site uses cookies to improve the user experience and to collect information.<br \/>visit statistics. You can set your browser to accept or reject cookies.<\/p><h4>6. Changes to the privacy policy<\/h4><p>We reserve the right to modify this privacy policy at any time.<br \/>Any changes will be published on this page with an update date. We encourage you to<br \/>Please visit this page regularly to stay informed about our privacy practices.<\/p><\/section>\t\t\t\t\t\t\t\t<\/div>\n\t\t\t\t\t<\/div>\n\t\t\t\t<\/div>\n\t\t\t\t<\/div>","protected":false},"excerpt":{"rendered":"<p>Politique de confidentialit\u00e9 Derni\u00e8re mise \u00e0 jour : 28.01.2026 Cette politique de confidentialit\u00e9 d\u00e9crit comment Rogue S\u00e0rl, ci-apr\u00e8s \u00ab nous \u00bb, collecte,utilise et prot\u00e8ge les informations personnelles que vous nous fournissez lors de l\u2019utilisationdu site www.roguestudio.ch, ci-apr\u00e8s \u00ab le Site \u00bb. 1. Donn\u00e9es collect\u00e9es Lorsque vous utilisez notre Site, nous pouvons collecter les donn\u00e9es suivantes [&hellip;]<\/p>\n","protected":false},"author":1,"featured_media":0,"parent":0,"menu_order":0,"comment_status":"closed","ping_status":"closed","template":"","meta":{"_acf_changed":false,"footnotes":""},"class_list":["post-930","page","type-page","status-publish","hentry"],"acf":[],"_links":{"self":[{"href":"https:\/\/www.roguestudio.ch\/en\/wp-json\/wp\/v2\/pages\/930","targetHints":{"allow":["GET"]}}],"collection":[{"href":"https:\/\/www.roguestudio.ch\/en\/wp-json\/wp\/v2\/pages"}],"about":[{"href":"https:\/\/www.roguestudio.ch\/en\/wp-json\/wp\/v2\/types\/page"}],"author":[{"embeddable":true,"href":"https:\/\/www.roguestudio.ch\/en\/wp-json\/wp\/v2\/users\/1"}],"replies":[{"embeddable":true,"href":"https:\/\/www.roguestudio.ch\/en\/wp-json\/wp\/v2\/comments?post=930"}],"version-history":[{"count":16,"href":"https:\/\/www.roguestudio.ch\/en\/wp-json\/wp\/v2\/pages\/930\/revisions"}],"predecessor-version":[{"id":1493,"href":"https:\/\/www.roguestudio.ch\/en\/wp-json\/wp\/v2\/pages\/930\/revisions\/1493"}],"wp:attachment":[{"href":"https:\/\/www.roguestudio.ch\/en\/wp-json\/wp\/v2\/media?parent=930"}],"curies":[{"name":"wp","href":"https:\/\/api.w.org\/{rel}","templated":true}]}}