{"id":689,"date":"2026-03-12T12:06:28","date_gmt":"2026-03-12T12:06:28","guid":{"rendered":"https:\/\/www.roguestudio.ch\/?page_id=689"},"modified":"2026-03-25T13:37:26","modified_gmt":"2026-03-25T13:37:26","slug":"brandcare","status":"publish","type":"page","link":"https:\/\/www.roguestudio.ch\/en\/brandcare\/","title":{"rendered":"BrandCare"},"content":{"rendered":"<div data-elementor-type=\"wp-page\" data-elementor-id=\"689\" class=\"elementor elementor-689\" data-elementor-post-type=\"page\">\n\t\t\t\t<div class=\"elementor-element elementor-element-7cb2cb3 e-con-full e-flex wcf-starter-animations-none e-con e-parent\" data-id=\"7cb2cb3\" data-element_type=\"container\" data-e-type=\"container\" data-settings=\"{&quot;background_background&quot;:&quot;classic&quot;,&quot;wcf_enable_horizontal_scroll&quot;:&quot;no&quot;}\">\n\t\t\t\t<div class=\"elementor-element elementor-element-ec64907 wcf-starter-animations-none elementor-widget elementor-widget-heading\" data-id=\"ec64907\" data-element_type=\"widget\" data-e-type=\"widget\" data-settings=\"{&quot;wcf_starter_animations&quot;:&quot;none&quot;,&quot;wcf_anim_duration&quot;:1000,&quot;wcf_anim_delay&quot;:0,&quot;wcf_anim_ease&quot;:&quot;ease&quot;}\" data-widget_type=\"heading.default\">\n\t\t\t\t\t<h1 class=\"elementor-heading-title elementor-size-default\">BrandCare\u00ae<\/h1>\t\t\t\t<\/div>\n\t\t\t\t<div class=\"elementor-element elementor-element-1e62806 elementor-widget-tablet__width-initial wcf-starter-animations-none elementor-widget elementor-widget-heading\" data-id=\"1e62806\" data-element_type=\"widget\" data-e-type=\"widget\" data-settings=\"{&quot;wcf_starter_animations&quot;:&quot;none&quot;,&quot;wcf_anim_duration&quot;:1000,&quot;wcf_anim_delay&quot;:0,&quot;wcf_anim_ease&quot;:&quot;ease&quot;}\" data-widget_type=\"heading.default\">\n\t\t\t\t\t<p class=\"elementor-heading-title elementor-size-default\">Reputation is not measured by the number of views.<br \/>\nIt is measured in confidence.<\/p>\t\t\t\t<\/div>\n\t\t\t\t<div class=\"elementor-element elementor-element-defc0bb wcf-starter-animations-none elementor-widget elementor-widget-image\" data-id=\"defc0bb\" data-element_type=\"widget\" data-e-type=\"widget\" data-settings=\"{&quot;wcf_starter_animations&quot;:&quot;none&quot;,&quot;wcf_anim_duration&quot;:1000,&quot;wcf_anim_delay&quot;:0,&quot;wcf_anim_ease&quot;:&quot;ease&quot;}\" data-widget_type=\"image.default\">\n\t\t\t\t\t\t\t\t\t\t\t\t\t\t\t<img fetchpriority=\"high\" decoding=\"async\" width=\"2752\" height=\"1536\" src=\"https:\/\/www.roguestudio.ch\/wp-content\/uploads\/2026\/03\/dd.jpg\" class=\"attachment-full size-full wp-image-1771\" alt=\"\" srcset=\"https:\/\/www.roguestudio.ch\/wp-content\/uploads\/2026\/03\/dd.jpg 2752w, https:\/\/www.roguestudio.ch\/wp-content\/uploads\/2026\/03\/dd-300x167.jpg 300w, https:\/\/www.roguestudio.ch\/wp-content\/uploads\/2026\/03\/dd-1024x572.jpg 1024w, https:\/\/www.roguestudio.ch\/wp-content\/uploads\/2026\/03\/dd-768x429.jpg 768w, https:\/\/www.roguestudio.ch\/wp-content\/uploads\/2026\/03\/dd-1536x857.jpg 1536w, https:\/\/www.roguestudio.ch\/wp-content\/uploads\/2026\/03\/dd-2048x1143.jpg 2048w\" sizes=\"(max-width: 2752px) 100vw, 2752px\" \/>\t\t\t\t\t\t\t\t\t\t\t\t\t\t\t<\/div>\n\t\t\t\t<div class=\"elementor-element elementor-element-6742b30 elementor-widget-tablet__width-initial wcf-starter-animations-none elementor-widget elementor-widget-heading\" data-id=\"6742b30\" data-element_type=\"widget\" data-e-type=\"widget\" data-settings=\"{&quot;wcf_starter_animations&quot;:&quot;none&quot;,&quot;wcf_anim_duration&quot;:1000,&quot;wcf_anim_delay&quot;:0,&quot;wcf_anim_ease&quot;:&quot;ease&quot;}\" data-widget_type=\"heading.default\">\n\t\t\t\t\t<p class=\"elementor-heading-title elementor-size-default\">BrandCare is our monthly partnership in which we<br \/> take care of your image and reputation.<\/p>\t\t\t\t<\/div>\n\t\t\t\t<div class=\"elementor-element elementor-element-6038398 elementor-widget__width-initial wcf-starter-animations-none elementor-widget elementor-widget-text-editor\" data-id=\"6038398\" data-element_type=\"widget\" data-e-type=\"widget\" data-settings=\"{&quot;wcf_starter_animations&quot;:&quot;none&quot;,&quot;wcf_anim_duration&quot;:1000,&quot;wcf_anim_delay&quot;:0,&quot;wcf_anim_ease&quot;:&quot;ease&quot;}\" data-widget_type=\"text-editor.default\">\n\t\t\t\t\t\t\t\t\t<p>Everyone's chasing views. We build trust. Because brand success isn't measured in impressions. It's measured in attachment. We ensure the consistency, evolution and protection of your brand's image over time.<\/p>\t\t\t\t\t\t\t\t<\/div>\n\t\t\t\t<div class=\"elementor-element elementor-element-6080d44 elementor-widget-tablet__width-auto elementor-widget elementor-widget-wcf--button\" data-id=\"6080d44\" data-element_type=\"widget\" data-e-type=\"widget\" data-widget_type=\"wcf--button.default\">\n\t\t\t\t<div class=\"elementor-widget-container\">\n\t\t\t\t\t\t\t<div class=\"wcf__btn\">\r\n\t\t\t\t\t\t\t<a href=\"mailto:hello@roguestudio.ch?subject=J&#039;ai%20enfin%20trouv%C3%A9%20mon%20agence!&#038;body=Bonjour%2C%0A%0A%C3%80%20ce%20qu&#039;il%20para%C3%AEt%20votre%20caf%C3%A9%20est%20au%20niveau%20de%20votre%20savoir-faire%2C%20excellent.%0A%0AAuriez-vous%20de%20la%20disponibilit%C3%A9%20prochainement%20pour%20une%20rencontre%20%3F%0A%0A\" class=\"wcf-btn-default btn-rollover-left\">\r\n\t\t\t\t\t\t\t\t\t\t\u2615\ufe0f Drop in for a coffee?\t\t\t\t<\/a>\r\n\t\t\t\t\t\t<\/div>\r\n\t\t\t\t\t\t<\/div>\n\t\t\t\t<\/div>\n\t\t<div class=\"elementor-element elementor-element-15130e0 e-flex e-con-boxed wcf-starter-animations-none e-con e-child\" data-id=\"15130e0\" data-element_type=\"container\" data-e-type=\"container\" data-settings=\"{&quot;wcf_enable_horizontal_scroll&quot;:&quot;no&quot;}\">\n\t\t\t\t\t<div class=\"e-con-inner\">\n\t\t<div class=\"elementor-element elementor-element-eb495d1 e-con-full e-flex wcf-starter-animations-none e-con e-child\" data-id=\"eb495d1\" data-element_type=\"container\" data-e-type=\"container\" data-settings=\"{&quot;wcf_enable_horizontal_scroll&quot;:&quot;no&quot;}\">\n\t\t<div class=\"elementor-element elementor-element-6bd4a02 e-con-full e-flex wcf-starter-animations-none e-con e-child\" data-id=\"6bd4a02\" data-element_type=\"container\" data-e-type=\"container\" data-settings=\"{&quot;wcf_enable_horizontal_scroll&quot;:&quot;no&quot;}\">\n\t\t\t\t<div class=\"elementor-element elementor-element-73edc7e wcf-starter-animations-none elementor-widget elementor-widget-heading\" data-id=\"73edc7e\" data-element_type=\"widget\" data-e-type=\"widget\" data-settings=\"{&quot;wcf_starter_animations&quot;:&quot;none&quot;,&quot;wcf_anim_duration&quot;:1000,&quot;wcf_anim_delay&quot;:0,&quot;wcf_anim_ease&quot;:&quot;ease&quot;}\" data-widget_type=\"heading.default\">\n\t\t\t\t\t<h2 class=\"elementor-heading-title elementor-size-default\">FRAMEWORK &amp; COMMITMENT<\/h2>\t\t\t\t<\/div>\n\t\t\t\t<div class=\"elementor-element elementor-element-298a63b elementor-widget-divider--view-line elementor-widget elementor-widget-divider\" data-id=\"298a63b\" data-element_type=\"widget\" data-e-type=\"widget\" data-widget_type=\"divider.default\">\n\t\t\t\t\t\t\t<div class=\"elementor-divider\">\n\t\t\t<span class=\"elementor-divider-separator\">\n\t\t\t\t\t\t<\/span>\n\t\t<\/div>\n\t\t\t\t\t\t<\/div>\n\t\t\t\t<div class=\"elementor-element elementor-element-1741deb wcf-starter-animations-none elementor-widget elementor-widget-text-editor\" data-id=\"1741deb\" data-element_type=\"widget\" data-e-type=\"widget\" data-settings=\"{&quot;wcf_starter_animations&quot;:&quot;none&quot;,&quot;wcf_anim_duration&quot;:1000,&quot;wcf_anim_delay&quot;:0,&quot;wcf_anim_ease&quot;:&quot;ease&quot;}\" data-widget_type=\"text-editor.default\">\n\t\t\t\t\t\t\t\t\t<p>A monthly partnership. Not a subscription.<\/p><p>BrandCare works on a recurring basis. Because a reputation is built over time.<\/p><ul><li>Minimum 6-month commitment<\/li><li><span style=\"background-color: transparent;\">Hours adapted to the challenges<\/span><\/li><li>Monthly payment<\/li><li>Regular follow-up<\/li><\/ul>\t\t\t\t\t\t\t\t<\/div>\n\t\t\t\t<\/div>\n\t\t<div class=\"elementor-element elementor-element-72c0870 e-con-full e-flex wcf-starter-animations-none e-con e-child\" data-id=\"72c0870\" data-element_type=\"container\" data-e-type=\"container\" data-settings=\"{&quot;wcf_enable_horizontal_scroll&quot;:&quot;no&quot;}\">\n\t\t\t\t<div class=\"elementor-element elementor-element-d64a29d wcf-starter-animations-none elementor-widget elementor-widget-heading\" data-id=\"d64a29d\" data-element_type=\"widget\" data-e-type=\"widget\" data-settings=\"{&quot;wcf_starter_animations&quot;:&quot;none&quot;,&quot;wcf_anim_duration&quot;:1000,&quot;wcf_anim_delay&quot;:0,&quot;wcf_anim_ease&quot;:&quot;ease&quot;}\" data-widget_type=\"heading.default\">\n\t\t\t\t\t<h2 class=\"elementor-heading-title elementor-size-default\">CUSTOMIZED SCOPE<\/h2>\t\t\t\t<\/div>\n\t\t\t\t<div class=\"elementor-element elementor-element-cecf433 elementor-widget-divider--view-line elementor-widget elementor-widget-divider\" data-id=\"cecf433\" data-element_type=\"widget\" data-e-type=\"widget\" data-widget_type=\"divider.default\">\n\t\t\t\t\t\t\t<div class=\"elementor-divider\">\n\t\t\t<span class=\"elementor-divider-separator\">\n\t\t\t\t\t\t<\/span>\n\t\t<\/div>\n\t\t\t\t\t\t<\/div>\n\t\t\t\t<div class=\"elementor-element elementor-element-8d40e0e wcf-starter-animations-none elementor-widget elementor-widget-text-editor\" data-id=\"8d40e0e\" data-element_type=\"widget\" data-e-type=\"widget\" data-settings=\"{&quot;wcf_starter_animations&quot;:&quot;none&quot;,&quot;wcf_anim_duration&quot;:1000,&quot;wcf_anim_delay&quot;:0,&quot;wcf_anim_ease&quot;:&quot;ease&quot;}\" data-widget_type=\"text-editor.default\">\n\t\t\t\t\t\t\t\t\t<p>Every BrandCare is different.<\/p><p>No fixed services. You don't choose a ready-made formula.<\/p><p>We define together:<\/p><ul><li>the level of strategic intervention,<\/li><li>the pace of adjustment,<\/li><li>the media to be produced,<\/li><li>priorities to be managed.<\/li><\/ul>\t\t\t\t\t\t\t\t<\/div>\n\t\t\t\t<\/div>\n\t\t<div class=\"elementor-element elementor-element-4c9eab1 e-con-full e-flex wcf-starter-animations-none e-con e-child\" data-id=\"4c9eab1\" data-element_type=\"container\" data-e-type=\"container\" data-settings=\"{&quot;wcf_enable_horizontal_scroll&quot;:&quot;no&quot;}\">\n\t\t\t\t<div class=\"elementor-element elementor-element-a894ca4 wcf-starter-animations-none elementor-widget elementor-widget-heading\" data-id=\"a894ca4\" data-element_type=\"widget\" data-e-type=\"widget\" data-settings=\"{&quot;wcf_starter_animations&quot;:&quot;none&quot;,&quot;wcf_anim_duration&quot;:1000,&quot;wcf_anim_delay&quot;:0,&quot;wcf_anim_ease&quot;:&quot;ease&quot;}\" data-widget_type=\"heading.default\">\n\t\t\t\t\t<h2 class=\"elementor-heading-title elementor-size-default\">NETWORK OF PROFESSIONALS<\/h2>\t\t\t\t<\/div>\n\t\t\t\t<div class=\"elementor-element elementor-element-259bc78 elementor-widget-divider--view-line elementor-widget elementor-widget-divider\" data-id=\"259bc78\" data-element_type=\"widget\" data-e-type=\"widget\" data-widget_type=\"divider.default\">\n\t\t\t\t\t\t\t<div class=\"elementor-divider\">\n\t\t\t<span class=\"elementor-divider-separator\">\n\t\t\t\t\t\t<\/span>\n\t\t<\/div>\n\t\t\t\t\t\t<\/div>\n\t\t\t\t<div class=\"elementor-element elementor-element-c366508 wcf-starter-animations-none elementor-widget elementor-widget-text-editor\" data-id=\"c366508\" data-element_type=\"widget\" data-e-type=\"widget\" data-settings=\"{&quot;wcf_starter_animations&quot;:&quot;none&quot;,&quot;wcf_anim_duration&quot;:1000,&quot;wcf_anim_delay&quot;:0,&quot;wcf_anim_ease&quot;:&quot;ease&quot;}\" data-widget_type=\"text-editor.default\">\n\t\t\t\t\t\t\t\t\t<p>We don't work alone.<\/p><p>We coordinate and ensure consistency.<\/p><p>You don't have to search. You don't have to manage.<\/p><ul><li>Photographers\/videographers<\/li><li>Specialized developers<\/li><li>Media and digital partners<\/li><li>Printers<\/li><\/ul>\t\t\t\t\t\t\t\t<\/div>\n\t\t\t\t<\/div>\n\t\t\t\t<\/div>\n\t\t\t\t\t<\/div>\n\t\t\t\t<\/div>\n\t\t\t\t<\/div>\n\t\t<div class=\"elementor-element elementor-element-eeefb47 e-flex e-con-boxed wcf-starter-animations-none e-con e-parent\" data-id=\"eeefb47\" data-element_type=\"container\" data-e-type=\"container\" data-settings=\"{&quot;background_background&quot;:&quot;classic&quot;,&quot;wcf_enable_horizontal_scroll&quot;:&quot;no&quot;}\">\n\t\t\t\t\t<div class=\"e-con-inner\">\n\t\t<div class=\"elementor-element elementor-element-23b7e03 e-con-full e-flex wcf-starter-animations-none e-con e-child\" data-id=\"23b7e03\" data-element_type=\"container\" data-e-type=\"container\" data-settings=\"{&quot;wcf_enable_horizontal_scroll&quot;:&quot;no&quot;}\">\n\t\t<div class=\"elementor-element elementor-element-8cda02b e-con-full e-flex wcf-starter-animations-none e-con e-child\" data-id=\"8cda02b\" data-element_type=\"container\" data-e-type=\"container\" data-settings=\"{&quot;wcf_enable_horizontal_scroll&quot;:&quot;no&quot;}\">\n\t\t\t\t<div class=\"elementor-element elementor-element-dbfa20c wcf-starter-animations-none elementor-widget elementor-widget-heading\" data-id=\"dbfa20c\" data-element_type=\"widget\" data-e-type=\"widget\" data-settings=\"{&quot;wcf_starter_animations&quot;:&quot;none&quot;,&quot;wcf_anim_duration&quot;:1000,&quot;wcf_anim_delay&quot;:0,&quot;wcf_anim_ease&quot;:&quot;ease&quot;}\" data-widget_type=\"heading.default\">\n\t\t\t\t\t<h3 class=\"elementor-heading-title elementor-size-default\">ROGUESTUDIO<\/h3>\t\t\t\t<\/div>\n\t\t\t\t<div class=\"elementor-element elementor-element-cfbba0f wcf-starter-animations-none elementor-widget elementor-widget-text-editor\" data-id=\"cfbba0f\" data-element_type=\"widget\" data-e-type=\"widget\" data-settings=\"{&quot;wcf_starter_animations&quot;:&quot;none&quot;,&quot;wcf_anim_duration&quot;:1000,&quot;wcf_anim_delay&quot;:0,&quot;wcf_anim_ease&quot;:&quot;ease&quot;}\" data-widget_type=\"text-editor.default\">\n\t\t\t\t\t\t\t\t\t<p><a href=\"https:\/\/www.google.com\/maps\/place\/ROGUESTUDIO\/@46.1807211,6.1294258,795m\/data=!3m2!1e3!4b1!4m6!3m5!1s0x478c7bb7f56d1bcf:0x61c81874ffb341db!8m2!3d46.1807211!4d6.1294258!16s%2Fg%2F11snhnrlsq?entry=ttu&amp;g_ep=EgoyMDI2MDMxMS4wIKXMDSoASAFQAw%3D%3D\" target=\"_blank\" rel=\"noopener\">Route des Jeunes 59<br \/>1212 Grand-Lancy<\/a><\/p><p><a href=\"https:\/\/www.linkedin.com\/company\/roguestudio-ch\" target=\"_blank\" rel=\"noopener\">LK<\/a>\u00a0 <a href=\"https:\/\/www.instagram.com\/roguestudio.ch\" target=\"_blank\" rel=\"noopener\">IG<\/a>\u00a0\u00a0<a href=\"https:\/\/open.spotify.com\/playlist\/6Mkn0gIZHb7LsvY8d7gWJS\" target=\"_blank\" rel=\"noopener\">SP<\/a><\/p>\t\t\t\t\t\t\t\t<\/div>\n\t\t\t\t<\/div>\n\t\t<div class=\"elementor-element elementor-element-c517121 e-con-full e-flex wcf-starter-animations-none e-con e-child\" data-id=\"c517121\" data-element_type=\"container\" data-e-type=\"container\" data-settings=\"{&quot;wcf_enable_horizontal_scroll&quot;:&quot;no&quot;}\">\n\t\t\t\t<div class=\"elementor-element elementor-element-5a4a0ee elementor-widget-tablet__width-initial elementor-widget elementor-widget-wcf--button\" data-id=\"5a4a0ee\" data-element_type=\"widget\" data-e-type=\"widget\" data-widget_type=\"wcf--button.default\">\n\t\t\t\t<div class=\"elementor-widget-container\">\n\t\t\t\t\t\t\t<div class=\"wcf__btn\">\r\n\t\t\t\t\t\t\t<a href=\"https:\/\/www.roguestudio.ch\/en\/blog\/\" class=\"wcf-btn-default btn-rollover-left\">\r\n\t\t\t\t\t\t\t\t\t\t\u270d\ufe0f Read our blog\t\t\t\t<\/a>\r\n\t\t\t\t\t\t<\/div>\r\n\t\t\t\t\t\t<\/div>\n\t\t\t\t<\/div>\n\t\t\t\t<div class=\"elementor-element elementor-element-6e5eb9f elementor-widget-tablet__width-initial elementor-widget elementor-widget-wcf--button\" data-id=\"6e5eb9f\" data-element_type=\"widget\" data-e-type=\"widget\" data-widget_type=\"wcf--button.default\">\n\t\t\t\t<div class=\"elementor-widget-container\">\n\t\t\t\t\t\t\t<div class=\"wcf__btn\">\r\n\t\t\t\t\t\t\t<a href=\"#\" class=\"wcf-btn-default btn-rollover-left\">\r\n\t\t\t\t\t\t\t\t\t\t\ud83d\udc46Go back to the top? Really?\t\t\t\t<\/a>\r\n\t\t\t\t\t\t<\/div>\r\n\t\t\t\t\t\t<\/div>\n\t\t\t\t<\/div>\n\t\t\t\t<\/div>\n\t\t<div class=\"elementor-element elementor-element-cccdb4b e-con-full e-flex wcf-starter-animations-none e-con e-child\" data-id=\"cccdb4b\" data-element_type=\"container\" data-e-type=\"container\" data-settings=\"{&quot;wcf_enable_horizontal_scroll&quot;:&quot;no&quot;}\">\n\t\t<div class=\"elementor-element elementor-element-f71ad30 e-con-full e-flex wcf-starter-animations-none e-con e-child\" data-id=\"f71ad30\" data-element_type=\"container\" data-e-type=\"container\" data-settings=\"{&quot;wcf_enable_horizontal_scroll&quot;:&quot;no&quot;}\">\n\t\t\t\t<div class=\"elementor-element elementor-element-b4ead0e wcf-starter-animations-none elementor-widget elementor-widget-text-editor\" data-id=\"b4ead0e\" data-element_type=\"widget\" data-e-type=\"widget\" data-settings=\"{&quot;wcf_starter_animations&quot;:&quot;none&quot;,&quot;wcf_anim_duration&quot;:1000,&quot;wcf_anim_delay&quot;:0,&quot;wcf_anim_ease&quot;:&quot;ease&quot;}\" data-widget_type=\"text-editor.default\">\n\t\t\t\t\t\t\t\t\t<p><a href=\"https:\/\/www.roguestudio.ch\/en\/politique-de-confidentialite\/\">Privacy Policy<\/a><br \/><a href=\"\/en\/cgv\/\">Terms and conditions of sale<\/a><\/p>\t\t\t\t\t\t\t\t<\/div>\n\t\t\t\t<div class=\"elementor-element elementor-element-5bbddbb wcf-starter-animations-none elementor-widget elementor-widget-heading\" data-id=\"5bbddbb\" data-element_type=\"widget\" data-e-type=\"widget\" data-settings=\"{&quot;wcf_starter_animations&quot;:&quot;none&quot;,&quot;wcf_anim_duration&quot;:1000,&quot;wcf_anim_delay&quot;:0,&quot;wcf_anim_ease&quot;:&quot;ease&quot;}\" data-widget_type=\"heading.default\">\n\t\t\t\t\t<h3 class=\"elementor-heading-title elementor-size-default\">Rogue S\u00e0rl, 2020-2026<\/h3>\t\t\t\t<\/div>\n\t\t\t\t<\/div>\n\t\t\t\t<\/div>\n\t\t\t\t<\/div>\n\t\t\t\t<div class=\"elementor-element elementor-element-1e78531 wcf-starter-animations-none elementor-widget elementor-widget-image\" data-id=\"1e78531\" data-element_type=\"widget\" data-e-type=\"widget\" data-settings=\"{&quot;wcf_starter_animations&quot;:&quot;none&quot;,&quot;wcf_anim_duration&quot;:1000,&quot;wcf_anim_delay&quot;:0,&quot;wcf_anim_ease&quot;:&quot;ease&quot;}\" data-widget_type=\"image.default\">\n\t\t\t\t\t\t\t\t\t\t\t\t\t\t\t<img decoding=\"async\" width=\"1600\" height=\"126\" src=\"https:\/\/www.roguestudio.ch\/wp-content\/uploads\/2026\/03\/roguebas.svg\" class=\"attachment-full size-full wp-image-910\" alt=\"\" \/>\t\t\t\t\t\t\t\t\t\t\t\t\t\t\t<\/div>\n\t\t\t\t\t<\/div>\n\t\t\t\t<\/div>\n\t\t\t\t<\/div>","protected":false},"excerpt":{"rendered":"<p>BrandCare\u00ae La r\u00e9putation ne se mesure pas en nombre de vues. Elle se mesure en confiance. BrandCare est notre partenariat mensuel dans lequel nous prenons soin de votre image et de sa r\u00e9putation. Tout le monde court apr\u00e8s les vues. Nous, nous construisons la confiance. Parce que le succ\u00e8s d&rsquo;une marque ne se mesure pas [&hellip;]<\/p>\n","protected":false},"author":1,"featured_media":0,"parent":0,"menu_order":0,"comment_status":"closed","ping_status":"closed","template":"","meta":{"_acf_changed":false,"footnotes":""},"class_list":["post-689","page","type-page","status-publish","hentry"],"acf":[],"_links":{"self":[{"href":"https:\/\/www.roguestudio.ch\/en\/wp-json\/wp\/v2\/pages\/689","targetHints":{"allow":["GET"]}}],"collection":[{"href":"https:\/\/www.roguestudio.ch\/en\/wp-json\/wp\/v2\/pages"}],"about":[{"href":"https:\/\/www.roguestudio.ch\/en\/wp-json\/wp\/v2\/types\/page"}],"author":[{"embeddable":true,"href":"https:\/\/www.roguestudio.ch\/en\/wp-json\/wp\/v2\/users\/1"}],"replies":[{"embeddable":true,"href":"https:\/\/www.roguestudio.ch\/en\/wp-json\/wp\/v2\/comments?post=689"}],"version-history":[{"count":223,"href":"https:\/\/www.roguestudio.ch\/en\/wp-json\/wp\/v2\/pages\/689\/revisions"}],"predecessor-version":[{"id":2338,"href":"https:\/\/www.roguestudio.ch\/en\/wp-json\/wp\/v2\/pages\/689\/revisions\/2338"}],"wp:attachment":[{"href":"https:\/\/www.roguestudio.ch\/en\/wp-json\/wp\/v2\/media?parent=689"}],"curies":[{"name":"wp","href":"https:\/\/api.w.org\/{rel}","templated":true}]}}