{"id":486,"date":"2026-03-10T10:42:48","date_gmt":"2026-03-10T10:42:48","guid":{"rendered":"https:\/\/www.roguestudio.ch\/?page_id=486"},"modified":"2026-03-23T20:49:51","modified_gmt":"2026-03-23T20:49:51","slug":"expertise","status":"publish","type":"page","link":"https:\/\/www.roguestudio.ch\/en\/expertise\/","title":{"rendered":"Expertise"},"content":{"rendered":"<div data-elementor-type=\"wp-page\" data-elementor-id=\"486\" class=\"elementor elementor-486\" data-elementor-post-type=\"page\">\n\t\t\t\t<div class=\"elementor-element elementor-element-aa7cd22 e-flex e-con-boxed wcf-starter-animations-none e-con e-parent\" data-id=\"aa7cd22\" data-element_type=\"container\" data-e-type=\"container\" data-settings=\"{&quot;background_background&quot;:&quot;classic&quot;,&quot;wcf_enable_horizontal_scroll&quot;:&quot;no&quot;}\">\n\t\t\t\t\t<div class=\"e-con-inner\">\n\t\t<div class=\"elementor-element elementor-element-c9926a6 e-flex e-con-boxed wcf-starter-animations-none e-con e-child\" data-id=\"c9926a6\" data-element_type=\"container\" data-e-type=\"container\" data-settings=\"{&quot;wcf_enable_horizontal_scroll&quot;:&quot;no&quot;}\">\n\t\t\t\t\t<div class=\"e-con-inner\">\n\t\t\t\t<div class=\"elementor-element elementor-element-5b995df elementor-widget__width-initial wcf-starter-animations-none elementor-widget elementor-widget-heading\" data-id=\"5b995df\" data-element_type=\"widget\" data-e-type=\"widget\" data-settings=\"{&quot;wcf_starter_animations&quot;:&quot;none&quot;,&quot;wcf_anim_duration&quot;:1000,&quot;wcf_anim_delay&quot;:0,&quot;wcf_anim_ease&quot;:&quot;ease&quot;}\" data-widget_type=\"heading.default\">\n\t\t\t\t\t<h1 class=\"elementor-heading-title elementor-size-default\"><span style=\"color:#EA362A\">COncretize<\/span> your ideas by making them <span style=\"color:#EA362A\">unique.<\/span> <\/h1>\t\t\t\t<\/div>\n\t\t\t\t\t<\/div>\n\t\t\t\t<\/div>\n\t\t\t\t\t<\/div>\n\t\t\t\t<\/div>\n\t\t<div class=\"elementor-element elementor-element-337ea4b e-flex e-con-boxed wcf-starter-animations-none e-con e-parent\" data-id=\"337ea4b\" data-element_type=\"container\" data-e-type=\"container\" data-settings=\"{&quot;wcf_enable_horizontal_scroll&quot;:&quot;no&quot;}\">\n\t\t\t\t\t<div class=\"e-con-inner\">\n\t\t<div class=\"elementor-element elementor-element-0fdfdde e-con-full e-flex wcf-starter-animations-none e-con e-child\" data-id=\"0fdfdde\" data-element_type=\"container\" data-e-type=\"container\" data-settings=\"{&quot;wcf_enable_horizontal_scroll&quot;:&quot;no&quot;}\">\n\t\t\t\t<div class=\"elementor-element elementor-element-33c3b9a wcf-starter-animations-none elementor-widget elementor-widget-heading\" data-id=\"33c3b9a\" data-element_type=\"widget\" data-e-type=\"widget\" data-settings=\"{&quot;wcf_starter_animations&quot;:&quot;none&quot;,&quot;wcf_anim_duration&quot;:1000,&quot;wcf_anim_delay&quot;:0,&quot;wcf_anim_ease&quot;:&quot;ease&quot;}\" data-widget_type=\"heading.default\">\n\t\t\t\t\t<h2 class=\"elementor-heading-title elementor-size-default\">CONSULTING &amp; STRATEGY<\/h2>\t\t\t\t<\/div>\n\t\t\t\t<div class=\"elementor-element elementor-element-3995fcf elementor-widget-divider--view-line elementor-widget elementor-widget-divider\" data-id=\"3995fcf\" data-element_type=\"widget\" data-e-type=\"widget\" data-widget_type=\"divider.default\">\n\t\t\t\t\t\t\t<div class=\"elementor-divider\">\n\t\t\t<span class=\"elementor-divider-separator\">\n\t\t\t\t\t\t<\/span>\n\t\t<\/div>\n\t\t\t\t\t\t<\/div>\n\t\t\t\t<div class=\"elementor-element elementor-element-c49551e wcf-starter-animations-none elementor-widget elementor-widget-text-editor\" data-id=\"c49551e\" data-element_type=\"widget\" data-e-type=\"widget\" data-settings=\"{&quot;wcf_starter_animations&quot;:&quot;none&quot;,&quot;wcf_anim_duration&quot;:1000,&quot;wcf_anim_delay&quot;:0,&quot;wcf_anim_ease&quot;:&quot;ease&quot;}\" data-widget_type=\"text-editor.default\">\n\t\t\t\t\t\t\t\t\t<p>Workshop &amp; Ideation<br \/>Brand platform<br \/>Strategic positioning<br \/>Market Research &amp; Targeting<br \/>Naming<br \/>Brand Guidelines<br \/>Brand audit<\/p>\t\t\t\t\t\t\t\t<\/div>\n\t\t\t\t<\/div>\n\t\t<div class=\"elementor-element elementor-element-342af0c e-con-full e-flex wcf-starter-animations-none e-con e-child\" data-id=\"342af0c\" data-element_type=\"container\" data-e-type=\"container\" data-settings=\"{&quot;wcf_enable_horizontal_scroll&quot;:&quot;no&quot;}\">\n\t\t\t\t<div class=\"elementor-element elementor-element-429bcfc wcf-starter-animations-none elementor-widget elementor-widget-heading\" data-id=\"429bcfc\" data-element_type=\"widget\" data-e-type=\"widget\" data-settings=\"{&quot;wcf_starter_animations&quot;:&quot;none&quot;,&quot;wcf_anim_duration&quot;:1000,&quot;wcf_anim_delay&quot;:0,&quot;wcf_anim_ease&quot;:&quot;ease&quot;}\" data-widget_type=\"heading.default\">\n\t\t\t\t\t<h2 class=\"elementor-heading-title elementor-size-default\">CREATION &amp; DESIGN<\/h2>\t\t\t\t<\/div>\n\t\t\t\t<div class=\"elementor-element elementor-element-1342c40 elementor-widget-divider--view-line elementor-widget elementor-widget-divider\" data-id=\"1342c40\" data-element_type=\"widget\" data-e-type=\"widget\" data-widget_type=\"divider.default\">\n\t\t\t\t\t\t\t<div class=\"elementor-divider\">\n\t\t\t<span class=\"elementor-divider-separator\">\n\t\t\t\t\t\t<\/span>\n\t\t<\/div>\n\t\t\t\t\t\t<\/div>\n\t\t\t\t<div class=\"elementor-element elementor-element-240316a wcf-starter-animations-none elementor-widget elementor-widget-text-editor\" data-id=\"240316a\" data-element_type=\"widget\" data-e-type=\"widget\" data-settings=\"{&quot;wcf_starter_animations&quot;:&quot;none&quot;,&quot;wcf_anim_duration&quot;:1000,&quot;wcf_anim_delay&quot;:0,&quot;wcf_anim_ease&quot;:&quot;ease&quot;}\" data-widget_type=\"text-editor.default\">\n\t\t\t\t\t\t\t\t\t<p>Art Direction<br \/>Logo design<br \/>Visual identity<br \/>Graphic charter<br \/>Print &amp; Posters<br \/>Packaging<br \/>Motion Design &amp; Animation<\/p>\t\t\t\t\t\t\t\t<\/div>\n\t\t\t\t<\/div>\n\t\t<div class=\"elementor-element elementor-element-92aed99 e-con-full e-flex wcf-starter-animations-none e-con e-child\" data-id=\"92aed99\" data-element_type=\"container\" data-e-type=\"container\" data-settings=\"{&quot;wcf_enable_horizontal_scroll&quot;:&quot;no&quot;}\">\n\t\t\t\t<div class=\"elementor-element elementor-element-665603e wcf-starter-animations-none elementor-widget elementor-widget-heading\" data-id=\"665603e\" data-element_type=\"widget\" data-e-type=\"widget\" data-settings=\"{&quot;wcf_starter_animations&quot;:&quot;none&quot;,&quot;wcf_anim_duration&quot;:1000,&quot;wcf_anim_delay&quot;:0,&quot;wcf_anim_ease&quot;:&quot;ease&quot;}\" data-widget_type=\"heading.default\">\n\t\t\t\t\t<h2 class=\"elementor-heading-title elementor-size-default\">WEB &amp; CONTENT<\/h2>\t\t\t\t<\/div>\n\t\t\t\t<div class=\"elementor-element elementor-element-fd66da0 elementor-widget-divider--view-line elementor-widget elementor-widget-divider\" data-id=\"fd66da0\" data-element_type=\"widget\" data-e-type=\"widget\" data-widget_type=\"divider.default\">\n\t\t\t\t\t\t\t<div class=\"elementor-divider\">\n\t\t\t<span class=\"elementor-divider-separator\">\n\t\t\t\t\t\t<\/span>\n\t\t<\/div>\n\t\t\t\t\t\t<\/div>\n\t\t\t\t<div class=\"elementor-element elementor-element-a57e494 wcf-starter-animations-none elementor-widget elementor-widget-text-editor\" data-id=\"a57e494\" data-element_type=\"widget\" data-e-type=\"widget\" data-settings=\"{&quot;wcf_starter_animations&quot;:&quot;none&quot;,&quot;wcf_anim_duration&quot;:1000,&quot;wcf_anim_delay&quot;:0,&quot;wcf_anim_ease&quot;:&quot;ease&quot;}\" data-widget_type=\"text-editor.default\">\n\t\t\t\t\t\t\t\t\t<p>UI\/UX Design<br \/>Website &amp; Landing pages<br \/>E-commerce store<br \/>Web and mobile application<br \/>Digital content (photo, video)<br \/>Integration of AI tools<br \/>Social networking strategy<\/p>\t\t\t\t\t\t\t\t<\/div>\n\t\t\t\t<\/div>\n\t\t\t\t\t<\/div>\n\t\t\t\t<\/div>\n\t\t<div class=\"elementor-element elementor-element-b5794ad e-flex e-con-boxed wcf-starter-animations-none e-con e-parent\" data-id=\"b5794ad\" data-element_type=\"container\" data-e-type=\"container\" data-settings=\"{&quot;wcf_enable_horizontal_scroll&quot;:&quot;no&quot;}\">\n\t\t\t\t\t<div class=\"e-con-inner\">\n\t\t<div class=\"elementor-element elementor-element-f31d5b4 e-con-full e-flex wcf-starter-animations-none e-con e-child\" data-id=\"f31d5b4\" data-element_type=\"container\" data-e-type=\"container\" data-settings=\"{&quot;wcf_enable_horizontal_scroll&quot;:&quot;no&quot;}\">\n\t\t<div class=\"elementor-element elementor-element-4db01e7 e-con-full e-flex wcf-starter-animations-none e-con e-child\" data-id=\"4db01e7\" data-element_type=\"container\" data-e-type=\"container\" data-settings=\"{&quot;wcf_enable_horizontal_scroll&quot;:&quot;no&quot;}\">\n\t\t\t\t<div class=\"elementor-element elementor-element-1436162 wcf-starter-animations-none elementor-widget elementor-widget-heading\" data-id=\"1436162\" data-element_type=\"widget\" data-e-type=\"widget\" data-settings=\"{&quot;wcf_starter_animations&quot;:&quot;none&quot;,&quot;wcf_anim_duration&quot;:1000,&quot;wcf_anim_delay&quot;:0,&quot;wcf_anim_ease&quot;:&quot;ease&quot;}\" data-widget_type=\"heading.default\">\n\t\t\t\t\t<h2 class=\"elementor-heading-title elementor-size-default\">Even better, we're with you<\/h2>\t\t\t\t<\/div>\n\t\t\t\t<div class=\"elementor-element elementor-element-d6e93e9 elementor-widget__width-initial elementor-hidden-mobile e-transform wcf-starter-animations-none elementor-widget elementor-widget-image\" data-id=\"d6e93e9\" data-element_type=\"widget\" data-e-type=\"widget\" data-settings=\"{&quot;_transform_rotateZ_effect_tablet&quot;:{&quot;unit&quot;:&quot;deg&quot;,&quot;size&quot;:90,&quot;sizes&quot;:[]},&quot;wcf_starter_animations&quot;:&quot;none&quot;,&quot;wcf_anim_duration&quot;:1000,&quot;wcf_anim_delay&quot;:0,&quot;wcf_anim_ease&quot;:&quot;ease&quot;,&quot;_transform_rotateZ_effect&quot;:{&quot;unit&quot;:&quot;px&quot;,&quot;size&quot;:&quot;&quot;,&quot;sizes&quot;:[]},&quot;_transform_rotateZ_effect_mobile&quot;:{&quot;unit&quot;:&quot;deg&quot;,&quot;size&quot;:&quot;&quot;,&quot;sizes&quot;:[]}}\" data-widget_type=\"image.default\">\n\t\t\t\t\t\t\t\t\t\t\t\t\t\t\t<img decoding=\"async\" width=\"378\" height=\"30\" src=\"https:\/\/www.roguestudio.ch\/wp-content\/uploads\/2026\/03\/Arrow-1.png\" class=\"attachment-large size-large wp-image-493\" alt=\"\" srcset=\"https:\/\/www.roguestudio.ch\/wp-content\/uploads\/2026\/03\/Arrow-1.png 378w, https:\/\/www.roguestudio.ch\/wp-content\/uploads\/2026\/03\/Arrow-1-300x24.png 300w\" sizes=\"(max-width: 378px) 100vw, 378px\" \/>\t\t\t\t\t\t\t\t\t\t\t\t\t\t\t<\/div>\n\t\t\t\t<\/div>\n\t\t\t\t<\/div>\n\t\t<div class=\"elementor-element elementor-element-f0f65ac e-con-full e-flex wcf-starter-animations-none e-con e-child\" data-id=\"f0f65ac\" data-element_type=\"container\" data-e-type=\"container\" data-settings=\"{&quot;wcf_enable_horizontal_scroll&quot;:&quot;no&quot;}\">\n\t\t\t\t<div class=\"elementor-element elementor-element-0ea4997 wcf-starter-animations-none elementor-widget elementor-widget-heading\" data-id=\"0ea4997\" data-element_type=\"widget\" data-e-type=\"widget\" data-settings=\"{&quot;wcf_starter_animations&quot;:&quot;none&quot;,&quot;wcf_anim_duration&quot;:1000,&quot;wcf_anim_delay&quot;:0,&quot;wcf_anim_ease&quot;:&quot;ease&quot;}\" data-widget_type=\"heading.default\">\n\t\t\t\t\t<h2 class=\"elementor-heading-title elementor-size-default\">BRANDCARE<\/h2>\t\t\t\t<\/div>\n\t\t\t\t<div class=\"elementor-element elementor-element-08a349e elementor-widget-divider--view-line elementor-widget elementor-widget-divider\" data-id=\"08a349e\" data-element_type=\"widget\" data-e-type=\"widget\" data-widget_type=\"divider.default\">\n\t\t\t\t\t\t\t<div class=\"elementor-divider\">\n\t\t\t<span class=\"elementor-divider-separator\">\n\t\t\t\t\t\t<\/span>\n\t\t<\/div>\n\t\t\t\t\t\t<\/div>\n\t\t\t\t<div class=\"elementor-element elementor-element-b97bd67 wcf-starter-animations-none elementor-widget elementor-widget-text-editor\" data-id=\"b97bd67\" data-element_type=\"widget\" data-e-type=\"widget\" data-settings=\"{&quot;wcf_starter_animations&quot;:&quot;none&quot;,&quot;wcf_anim_duration&quot;:1000,&quot;wcf_anim_delay&quot;:0,&quot;wcf_anim_ease&quot;:&quot;ease&quot;}\" data-widget_type=\"text-editor.default\">\n\t\t\t\t\t\t\t\t\t<p>Ongoing &amp; proactive support<br \/>Ongoing strategic consulting<br \/>Identity evolution and adjustments<br \/>Monitoring and recommendations<br \/>Web maintenance and optimization<br \/>Regular content production<br \/>Production coordination (photo, video)<\/p>\t\t\t\t\t\t\t\t<\/div>\n\t\t\t\t<div class=\"elementor-element elementor-element-adb7f4f elementor-align-left elementor-invisible elementor-widget elementor-widget-button\" data-id=\"adb7f4f\" data-element_type=\"widget\" data-e-type=\"widget\" data-settings=\"{&quot;_animation&quot;:&quot;fadeIn&quot;,&quot;_animation_delay&quot;:700}\" data-widget_type=\"button.default\">\n\t\t\t\t\t\t\t\t\t\t<a class=\"elementor-button elementor-button-link elementor-size-sm\" href=\"https:\/\/www.roguestudio.ch\/en\/brandcare\/\">\n\t\t\t\t\t\t<span class=\"elementor-button-content-wrapper\">\n\t\t\t\t\t\t\t\t\t<span class=\"elementor-button-text\">Read more<\/span>\n\t\t\t\t\t<\/span>\n\t\t\t\t\t<\/a>\n\t\t\t\t\t\t\t\t<\/div>\n\t\t\t\t<\/div>\n\t\t\t\t\t<\/div>\n\t\t\t\t<\/div>\n\t\t<div class=\"elementor-element elementor-element-a9d2583 e-flex e-con-boxed wcf-starter-animations-none e-con e-parent\" data-id=\"a9d2583\" data-element_type=\"container\" data-e-type=\"container\" data-settings=\"{&quot;wcf_enable_horizontal_scroll&quot;:&quot;no&quot;}\">\n\t\t\t\t\t<div class=\"e-con-inner\">\n\t\t\t\t<div class=\"elementor-element elementor-element-efd9d62 wcf-starter-animations-none elementor-widget elementor-widget-image\" data-id=\"efd9d62\" data-element_type=\"widget\" data-e-type=\"widget\" data-settings=\"{&quot;wcf_starter_animations&quot;:&quot;none&quot;,&quot;wcf_anim_duration&quot;:1000,&quot;wcf_anim_delay&quot;:0,&quot;wcf_anim_ease&quot;:&quot;ease&quot;}\" data-widget_type=\"image.default\">\n\t\t\t\t\t\t\t\t\t\t\t\t\t\t\t<img fetchpriority=\"high\" decoding=\"async\" width=\"2560\" height=\"1539\" src=\"https:\/\/www.roguestudio.ch\/wp-content\/uploads\/2026\/03\/ROGUE-bureau-7-scaled-1.jpg\" class=\"attachment-full size-full wp-image-1750\" alt=\"\" srcset=\"https:\/\/www.roguestudio.ch\/wp-content\/uploads\/2026\/03\/ROGUE-bureau-7-scaled-1.jpg 2560w, https:\/\/www.roguestudio.ch\/wp-content\/uploads\/2026\/03\/ROGUE-bureau-7-scaled-1-300x180.jpg 300w, https:\/\/www.roguestudio.ch\/wp-content\/uploads\/2026\/03\/ROGUE-bureau-7-scaled-1-1024x616.jpg 1024w, https:\/\/www.roguestudio.ch\/wp-content\/uploads\/2026\/03\/ROGUE-bureau-7-scaled-1-768x462.jpg 768w, https:\/\/www.roguestudio.ch\/wp-content\/uploads\/2026\/03\/ROGUE-bureau-7-scaled-1-1536x923.jpg 1536w, https:\/\/www.roguestudio.ch\/wp-content\/uploads\/2026\/03\/ROGUE-bureau-7-scaled-1-2048x1231.jpg 2048w\" sizes=\"(max-width: 2560px) 100vw, 2560px\" \/>\t\t\t\t\t\t\t\t\t\t\t\t\t\t\t<\/div>\n\t\t\t\t\t<\/div>\n\t\t\t\t<\/div>\n\t\t\t\t<\/div>","protected":false},"excerpt":{"rendered":"<p>COncr\u00e9tisons vos id\u00e9es en les rendant uniques. CONSEIL &amp; STRAT\u00c9GIE Workshop &amp; Id\u00e9ationPlateforme de marquePositionnement strat\u00e9gique\u00c9tude de march\u00e9 &amp; CiblageNamingBrand GuidelinesAudit de marque CR\u00c9ATION &amp; DESIGN Direction artistiqueCr\u00e9ation de logotypeIdentit\u00e9 visuelleCharte graphiquePrint &amp; AffichesPackagingMotion Design &amp; Animation WEB &amp; CONTENU UI\/UX DesignSite web &amp; Landing pagesBoutique e-commerceApplication web et mobileContenu digital (photo, vid\u00e9o)Int\u00e9gration d&rsquo;outils IAStrat\u00e9gie [&hellip;]<\/p>\n","protected":false},"author":1,"featured_media":0,"parent":0,"menu_order":0,"comment_status":"closed","ping_status":"closed","template":"","meta":{"_acf_changed":false,"footnotes":""},"class_list":["post-486","page","type-page","status-publish","hentry"],"acf":[],"_links":{"self":[{"href":"https:\/\/www.roguestudio.ch\/en\/wp-json\/wp\/v2\/pages\/486","targetHints":{"allow":["GET"]}}],"collection":[{"href":"https:\/\/www.roguestudio.ch\/en\/wp-json\/wp\/v2\/pages"}],"about":[{"href":"https:\/\/www.roguestudio.ch\/en\/wp-json\/wp\/v2\/types\/page"}],"author":[{"embeddable":true,"href":"https:\/\/www.roguestudio.ch\/en\/wp-json\/wp\/v2\/users\/1"}],"replies":[{"embeddable":true,"href":"https:\/\/www.roguestudio.ch\/en\/wp-json\/wp\/v2\/comments?post=486"}],"version-history":[{"count":133,"href":"https:\/\/www.roguestudio.ch\/en\/wp-json\/wp\/v2\/pages\/486\/revisions"}],"predecessor-version":[{"id":2205,"href":"https:\/\/www.roguestudio.ch\/en\/wp-json\/wp\/v2\/pages\/486\/revisions\/2205"}],"wp:attachment":[{"href":"https:\/\/www.roguestudio.ch\/en\/wp-json\/wp\/v2\/media?parent=486"}],"curies":[{"name":"wp","href":"https:\/\/api.w.org\/{rel}","templated":true}]}}